{"id":16,"date":"2018-02-11T11:36:20","date_gmt":"2018-02-11T11:36:20","guid":{"rendered":"https:\/\/www.jgz-eintracht.de\/?page_id=16"},"modified":"2018-02-11T14:02:57","modified_gmt":"2018-02-11T14:02:57","slug":"ueber-uns","status":"publish","type":"page","link":"https:\/\/www.jgz-eintracht.de\/?page_id=16","title":{"rendered":"\u00dcber Uns"},"content":{"rendered":"<p>Das genaue Gr\u00fcndungsdatum ist leider nicht mehr bekannt. Aber von fr\u00fcheren Mitgliedern wei\u00df man, das es einige junge Leute aus dem Tambourkorps waren, -das damals unter dem Major Adam vom Berg marschierte-, die den Zug im Jahre 1924 im Deutschen Eck in L\u00f6veling gr\u00fcndeten und ihm den Namen \u201cEintracht\u201d gaben. Somit ist er der \u00e4lteste Zug im J\u00e4gerkorps 1837 Holzheim. Ester Zugf\u00fchrer war Oberleutnant Franz Hilgers gen.(d\u00e4 Mutz), Leutnant war Paul C\u00f6ln und Feldwebel Gerhard Paar.<\/p>\n<figure id=\"attachment_35\" aria-describedby=\"caption-attachment-35\" style=\"width: 300px\" class=\"wp-caption alignnone\"><a href=\"https:\/\/www.jgz-eintracht.de\/wp-content\/uploads\/2018\/02\/1931.gif\"><img loading=\"lazy\" decoding=\"async\" class=\"wp-image-35 size-medium\" style=\"font-weight: bold; color: #666666; font-size: 0.8125rem; font-style: italic;\" src=\"https:\/\/www.jgz-eintracht.de\/wp-content\/uploads\/2018\/02\/1931-300x187.gif\" alt=\"\" width=\"300\" height=\"187\"><\/a><figcaption id=\"caption-attachment-35\" class=\"wp-caption-text\">Das Bild zeigt den Zug 1931<\/figcaption><\/figure>\n<p>Das Sch\u00fctzenleben mu\u00dfte 1939 durch den zweiten Weltkrieg eine Pause einlegen. Aber nach dem Krieg war der J\u00e4gerzug \u201cEintracht 1924\u201d mit Franz Hilgers, Josef Hilgers, Alfons Weihrauch, Gerhard Paar und Johann Kluth, ma\u00dfgeblich am Neuanfang des traditionsreichen J\u00e4gerkorps Holzheim von 1837 beteiligt. Schon beim ersten J\u00e4gerfest 1949 war der J\u00e4gerzug \u201cEintracht 1924\u201d mit Olt. Franz Hilgers (d\u00e4 Mutz) mit 11 Mann zur Stelle. Im gleichen Jahr wurde der Zug zum Hauptmannszug gew\u00e4hlt. Und so marschierte man 1950 beim ersten Sch\u00fctzenfest nach dem Kriege mit Hptm. Franz Hilgers (d\u00e4 Mutz) Lt. Josef Hilgers und Fw. Gerhard Paar auf. Im Jahre 1952 schied Fw. Gerhard Paar aus, er wurde von Alfons Weihrauch, der zum Korpsfeldwebel bestellt wurde, abgel\u00f6st. Franz Hilgers (d\u00e4 Mutz) und Alfons Weihrauch schieden im Jahre 1957 infolge Krankheit aus und so bekam der Zug mit Olt. Franz Hilgers (Kerrs) Lt. Willi Roesberg sen. und Fw. Johann Kluth eine neue Zugf\u00fchrung. Johann Kluth war bis zu seiner Krankheit im Jahre 1968 Korpsfeldwebel. Aber zum Sch\u00fctzenfest 1969 mu\u00dfte nicht nur ein neuer Feldwebel gefunden werden, sondern auch ein neuer Zugf\u00fchrer, denn Franz Hilgers (Kerrs) konnte wegen Krankheit den Zug nicht f\u00fchren. So marschierte man zum Sch\u00fctzenfest 1969 mit Olt. Willi Roesberg sen., Lt. Hans Krings und Fw. Theo Hilgers auf. Im Jahre 1974 konnte der Zug sein 50 j\u00e4hriges Bestehen unter neuer F\u00fchrung mit Olt. Theo Hilgers, Lt. Peter-Josef Hilgers und Fw. Willi Odenthal feiern. Nach zwanzig Jahren als Oberleutnant ging Theo Hilgers zum Sch\u00fctzenfest 1995 wieder ins Glied zur\u00fcck. Als Olt.f\u00fchrt seit dieser Zeit Willi Roesberg jun. den Zug, der im Jahre 1997 zum Hauptmann des J\u00e4gerkorps Holzheim von 1837 gew\u00e4hlt wurde. Somit ist nach langen Jahren der J\u00e4gerzug \u201cEintracht 1924\u201d wieder J\u00e4gerhauptmannszug im traditionsreichen J\u00e4gerkorps Holzheim von 1837. Im Jahre 1999 konnten wir ein gro\u00dfartiges Jubil\u00e4um feiern.&nbsp;<\/p>\n<p><span style=\"color: #0066cc; font-family: 'Times New Roman', Times, 'Times NewRoman';\"><b>75 Jahre J\u00e4gerzug Eintracht 1924<\/b><\/span><\/p>\n<p>Das Jahre 2003 war f\u00fcr den Zug ein au\u00dfergew\u00f6hnliches Jahr. Denn es sollte sich ergeben das der Hauptmann der J\u00e4ger Willi Roesberg an Fronleichnam 19.06.2003 auf den K\u00f6nigsvogel des BSV Scho\u00df, und sich gegen 2 Mitbewerber mit dem 85. Schuss durchsetzte, und somit war er der erste Sch\u00fctzenk\u00f6nig im J\u00e4gerzug \u201cEintracht\u201d und wurde am Dienstag den 08.07.2003 als Willi VI im Festzelt gekr\u00f6nt.<\/p>\n<p><a href=\"https:\/\/www.jgz-eintracht.de\/wp-content\/uploads\/2018\/02\/zug03.jpg\"><img loading=\"lazy\" decoding=\"async\" class=\"alignnone wp-image-889 size-medium\" src=\"https:\/\/www.jgz-eintracht.de\/wp-content\/uploads\/2018\/02\/zug03-300x180.jpg\" alt=\"\" width=\"300\" height=\"180\" srcset=\"https:\/\/www.jgz-eintracht.de\/wp-content\/uploads\/2018\/02\/zug03-300x180.jpg 300w, https:\/\/www.jgz-eintracht.de\/wp-content\/uploads\/2018\/02\/zug03.jpg 381w\" sizes=\"auto, (max-width: 300px) 100vw, 300px\" \/><\/a><\/p>\n<p>Es dauerte nur bis zum Jahre 2006, als am Fronleichnamstag ein weiteres Zugmitglied sich gegen zwei Mitbewerber, um die W\u00fcrde des Holzheimer Sch\u00fctzenk\u00f6nig durchsetzen konnte. Es war Theo Segger Spielmann des Zuges, der mit dem 105 Schu\u00df Sch\u00fctzenk\u00f6nig von Holzheim wurde. Er wurde am Dienstag den 04.07.2006 im Festzelt, als Theo der II gekr\u00f6nt.<\/p>\n<p>Auch sonst beim Schie\u00dfen innerhalb des Holzheimer J\u00e4gerkorps von 1837 ist der Zug aktiv und in den letzten Jahren erfolgreich, so konnte man den Pokal der Fackelbauenden Z\u00fcge und schon drei mal den Chargiertenpokal holen, und 1998 den Korpssieger durch Hptm. Willi Roesberg stellen. Die Zugkr\u00f6nungen und das Vogelschie\u00dfen feiert man lieber in der Zuggemeinschaft, jedoch nicht minder Festlich und ausgelassen. Zum Zug geh\u00f6ren auch die \u201cLieben M\u00e4dchen\u201d. Der Zug hat immer Wert darauf gelegt, die holde Weiblichkeit in das Zuggeschehen einzubinden. Er hat sich so eine wertvolle St\u00fctze f\u00fcr den Erhalt des Zuges geschaffen.<\/p>\n<p>Seit 1929 baut der Zug nachweislich jedes Jahr eine Gro\u00dffackel, mit gro\u00dfartigen Motiven und technischen Raffinessen.<br \/>\nDas Bild Zeigt die erste \u201cGro\u00dffackel\u201d des Zuges 1929<br \/>\nSeit Bestehen des Zuges ist es den Mitgliedern immer wieder gegl\u00fcckt, junge Menschen f\u00fcr das Sch\u00fctzenwesen zu interessieren, um so den Fortbestand des Zuges zu sicher. Zur Zeit hat der Zug 24 Mitglieder.<\/p>\n<p><img loading=\"lazy\" decoding=\"async\" class=\"alignnone size-medium wp-image-37\" src=\"https:\/\/www.jgz-eintracht.de\/wp-content\/uploads\/2018\/02\/1Fackel1929-1-300x190.gif\" alt=\"\" width=\"300\" height=\"190\"><\/p>\n","protected":false},"excerpt":{"rendered":"<p>Das genaue Gr\u00fcndungsdatum ist leider nicht mehr bekannt. Aber von fr\u00fcheren Mitgliedern wei\u00df man, das es einige junge Leute aus dem Tambourkorps waren, -das damals unter dem Major Adam vom Berg marschierte-, die den Zug im Jahre 1924 im Deutschen Eck in L\u00f6veling gr\u00fcndeten und ihm den Namen \u201cEintracht\u201d gaben. Somit ist er der \u00e4lteste &hellip; <\/p>\n<p class=\"link-more\"><a href=\"https:\/\/www.jgz-eintracht.de\/?page_id=16\" class=\"more-link\"><span class=\"screen-reader-text\">\u201e\u00dcber Uns\u201c<\/span> weiterlesen<\/a><\/p>\n","protected":false},"author":1,"featured_media":0,"parent":0,"menu_order":0,"comment_status":"closed","ping_status":"closed","template":"","meta":{"ngg_post_thumbnail":0,"footnotes":""},"class_list":["post-16","page","type-page","status-publish","hentry"],"_links":{"self":[{"href":"https:\/\/www.jgz-eintracht.de\/index.php?rest_route=\/wp\/v2\/pages\/16","targetHints":{"allow":["GET"]}}],"collection":[{"href":"https:\/\/www.jgz-eintracht.de\/index.php?rest_route=\/wp\/v2\/pages"}],"about":[{"href":"https:\/\/www.jgz-eintracht.de\/index.php?rest_route=\/wp\/v2\/types\/page"}],"author":[{"embeddable":true,"href":"https:\/\/www.jgz-eintracht.de\/index.php?rest_route=\/wp\/v2\/users\/1"}],"replies":[{"embeddable":true,"href":"https:\/\/www.jgz-eintracht.de\/index.php?rest_route=%2Fwp%2Fv2%2Fcomments&post=16"}],"version-history":[{"count":8,"href":"https:\/\/www.jgz-eintracht.de\/index.php?rest_route=\/wp\/v2\/pages\/16\/revisions"}],"predecessor-version":[{"id":891,"href":"https:\/\/www.jgz-eintracht.de\/index.php?rest_route=\/wp\/v2\/pages\/16\/revisions\/891"}],"wp:attachment":[{"href":"https:\/\/www.jgz-eintracht.de\/index.php?rest_route=%2Fwp%2Fv2%2Fmedia&parent=16"}],"curies":[{"name":"wp","href":"https:\/\/api.w.org\/{rel}","templated":true}]}}